{"id":12142,"date":"2023-09-05T09:24:48","date_gmt":"2023-09-05T07:24:48","guid":{"rendered":"https:\/\/fahrschule-batyra.de\/nadruk\/"},"modified":"2025-12-24T14:15:38","modified_gmt":"2025-12-24T13:15:38","slug":"nadruk","status":"publish","type":"page","link":"https:\/\/fahrschule-batyra.de\/pl\/skontaktuj-sie-z-nami\/nadruk\/","title":{"rendered":"Nadruk"},"content":{"rendered":"\t\t<div data-elementor-type=\"wp-page\" data-elementor-id=\"12142\" class=\"elementor elementor-12142 elementor-1620\" data-elementor-post-type=\"page\">\n\t\t\t\t<div class=\"elementor-element elementor-element-5d2d4df e-flex e-con-boxed e-con e-parent\" data-id=\"5d2d4df\" data-element_type=\"container\" data-e-type=\"container\" data-settings=\"{&quot;background_background&quot;:&quot;classic&quot;,&quot;shape_divider_bottom&quot;:&quot;tilt&quot;}\">\n\t\t\t\t\t<div class=\"e-con-inner\">\n\t\t\t\t<div class=\"elementor-shape elementor-shape-bottom\" aria-hidden=\"true\" data-negative=\"false\">\n\t\t\t<svg xmlns=\"http:\/\/www.w3.org\/2000\/svg\" viewBox=\"0 0 1000 100\" preserveAspectRatio=\"none\">\n\t<path class=\"elementor-shape-fill\" d=\"M0,6V0h1000v100L0,6z\"\/>\n<\/svg>\t\t<\/div>\n\t\t\t\t<div class=\"elementor-element elementor-element-a428f48 elementor-widget elementor-widget-heading\" data-id=\"a428f48\" data-element_type=\"widget\" data-e-type=\"widget\" data-widget_type=\"heading.default\">\n\t\t\t\t<div class=\"elementor-widget-container\">\n\t\t\t\t\t<h3 class=\"elementor-heading-title elementor-size-default\">To, co musi zosta\u0107 zrobione, musi zosta\u0107 zrobione.<\/h3>\t\t\t\t<\/div>\n\t\t\t\t<\/div>\n\t\t\t\t<div class=\"elementor-element elementor-element-dfdac11 elementor-widget elementor-widget-heading\" data-id=\"dfdac11\" data-element_type=\"widget\" data-e-type=\"widget\" data-widget_type=\"heading.default\">\n\t\t\t\t<div class=\"elementor-widget-container\">\n\t\t\t\t\t<h2 class=\"elementor-heading-title elementor-size-default\">Nadruk<\/h2>\t\t\t\t<\/div>\n\t\t\t\t<\/div>\n\t\t\t\t\t<\/div>\n\t\t\t\t<\/div>\n\t\t<div class=\"elementor-element elementor-element-fa31c48 e-flex e-con-boxed e-con e-parent\" data-id=\"fa31c48\" data-element_type=\"container\" data-e-type=\"container\" data-settings=\"{&quot;background_background&quot;:&quot;classic&quot;,&quot;shape_divider_bottom&quot;:&quot;tilt&quot;}\">\n\t\t\t\t\t<div class=\"e-con-inner\">\n\t\t\t\t<div class=\"elementor-shape elementor-shape-bottom\" aria-hidden=\"true\" data-negative=\"false\">\n\t\t\t<svg xmlns=\"http:\/\/www.w3.org\/2000\/svg\" viewBox=\"0 0 1000 100\" preserveAspectRatio=\"none\">\n\t<path class=\"elementor-shape-fill\" d=\"M0,6V0h1000v100L0,6z\"\/>\n<\/svg>\t\t<\/div>\n\t\t<div class=\"elementor-element elementor-element-3e0bd56 e-flex e-con-boxed e-con e-child\" data-id=\"3e0bd56\" data-element_type=\"container\" data-e-type=\"container\">\n\t\t\t\t\t<div class=\"e-con-inner\">\n\t\t\t\t<div class=\"elementor-element elementor-element-bc0e347 elementor-widget elementor-widget-heading\" data-id=\"bc0e347\" data-element_type=\"widget\" data-e-type=\"widget\" data-widget_type=\"heading.default\">\n\t\t\t\t<div class=\"elementor-widget-container\">\n\t\t\t\t\t<h2 class=\"elementor-heading-title elementor-size-default\">Dane kontaktowe zgodnie z \u00a7 5 DDG<\/h2>\t\t\t\t<\/div>\n\t\t\t\t<\/div>\n\t\t\t\t<div class=\"elementor-element elementor-element-f22bb86 elementor-widget elementor-widget-text-editor\" data-id=\"f22bb86\" data-element_type=\"widget\" data-e-type=\"widget\" data-widget_type=\"text-editor.default\">\n\t\t\t\t<div class=\"elementor-widget-container\">\n\t\t\t\t\t\t\t\t\t<p>Szko\u0142a jazdy Batyra GmbH<br>Martin Batyra<br>Perlacher Str. 67<br>81539 Munich-Giesing<\/p><p>Telefon: 089 \/ 69 77 73 74<br>E-mail: <a href=\"mailto:info@fahrschule-batyra.de\">info@fahrschule-batyra.de<\/a><\/p><p>Dyrektor zarz\u0105dzaj\u0105cy:<br>Martin Batyra<br><br><span data-teams=\"true\">Numer identyfikacji podatkowej zgodnie z \u00a727 a ustawy o podatku od sprzeda\u017cy: DE363122062, w\u0142a\u015bciwy urz\u0105d skarbowy: Monachium<\/span><\/p><p>Tytu\u0142 stanowiska:<br>Instruktor jazdy<\/p><p>Numer licencji szko\u0142y jazdy:<br>20132<\/p><p>Rejestr handlowy: HRB 286360<br>S\u0105d rejestrowy: S\u0105d lokalny w Monachium<\/p><p>Organ nadzorczy:<br>Kreisverwaltungsreferat<br>Garmischer Stra\u00dfe 19 &#8211; 21<br>81377 Monachium<\/p>\t\t\t\t\t\t\t\t<\/div>\n\t\t\t\t<\/div>\n\t\t\t\t<div class=\"elementor-element elementor-element-05ea5d7 elementor-widget elementor-widget-heading\" data-id=\"05ea5d7\" data-element_type=\"widget\" data-e-type=\"widget\" data-widget_type=\"heading.default\">\n\t\t\t\t<div class=\"elementor-widget-container\">\n\t\t\t\t\t<h2 class=\"elementor-heading-title elementor-size-default\">Projektowanie stron internetowych<\/h2>\t\t\t\t<\/div>\n\t\t\t\t<\/div>\n\t\t\t\t<div class=\"elementor-element elementor-element-e9819b6 elementor-widget elementor-widget-text-editor\" data-id=\"e9819b6\" data-element_type=\"widget\" data-e-type=\"widget\" data-widget_type=\"text-editor.default\">\n\t\t\t\t<div class=\"elementor-widget-container\">\n\t\t\t\t\t\t\t\t\t<p>Koncepcja, projekt i rozw\u00f3j tej strony zosta\u0142y przeprowadzone przez <a href=\"https:\/\/marketing-fahrschule.de\" target=\"_blank\" rel=\"noopener\">Marketing Fahrschule<\/a>.<\/p>\t\t\t\t\t\t\t\t<\/div>\n\t\t\t\t<\/div>\n\t\t\t\t<div class=\"elementor-element elementor-element-1fed840 elementor-widget elementor-widget-heading\" data-id=\"1fed840\" data-element_type=\"widget\" data-e-type=\"widget\" data-widget_type=\"heading.default\">\n\t\t\t\t<div class=\"elementor-widget-container\">\n\t\t\t\t\t<h2 class=\"elementor-heading-title elementor-size-default\">Zdj\u0119cia<\/h2>\t\t\t\t<\/div>\n\t\t\t\t<\/div>\n\t\t\t\t<div class=\"elementor-element elementor-element-b5073ba elementor-widget elementor-widget-text-editor\" data-id=\"b5073ba\" data-element_type=\"widget\" data-e-type=\"widget\" data-widget_type=\"text-editor.default\">\n\t\t\t\t<div class=\"elementor-widget-container\">\n\t\t\t\t\t\t\t\t\t<p>Strona g\u0142\u00f3wna (slajd 1):  <a href=\"https:\/\/depositphotos.com\/de\/\" target=\"_blank\" rel=\"noopener\">depositphotos.com<\/a> \u00a9 deagreez1<br>Strona g\u0142\u00f3wna (slajd 2):  <a href=\"https:\/\/depositphotos.com\/de\/\" target=\"_blank\" rel=\"noopener\">depositphotos.com<\/a> \u00a9 cookelma<br>Strona g\u0142\u00f3wna (slajd 3):  <a href=\"https:\/\/depositphotos.com\/de\/\" target=\"_blank\" rel=\"noopener\">depositphotos.com<\/a> \u00a9 belchonock<br>Strona g\u0142\u00f3wna (ikony na flipboxach): \u00a9  <a href=\"https:\/\/www.canva.com\/\" target=\"_blank\" rel=\"noopener\">canva.com<\/a><br>Strona g\u0142\u00f3wna (Recenzje po lewej):  <a href=\"https:\/\/depositphotos.com\/de\/\" target=\"_blank\" rel=\"noopener\">depositphotos.com<\/a> \u00a9 krakenimages.com<br>Strona g\u0142\u00f3wna (Recenzje po prawej):  <a href=\"https:\/\/depositphotos.com\/de\/\" target=\"_blank\" rel=\"noopener\">depositphotos.com<\/a> \u00a9 krakenimages.com<br>Klasy prawa jazdy (nag\u0142\u00f3wek):  <a href=\"https:\/\/depositphotos.com\/de\/\" target=\"_blank\" rel=\"noopener\">depositphotos.com<\/a> \u00a9 stadtratte<br>Klasy prawa jazdy (rondo): \u00a9  <a href=\"https:\/\/www.canva.com\/\" target=\"_blank\" rel=\"noopener\">canva.com<\/a><br>Klasy B (nag\u0142\u00f3wek):  <a href=\"https:\/\/depositphotos.com\/de\/\" target=\"_blank\" rel=\"noopener\">depositphotos.com<\/a> \u00a9 candy18<br>Klasy B (klasa B \/ B78):  <a href=\"https:\/\/depositphotos.com\/de\/\" target=\"_blank\" rel=\"noopener\">depositphotos.com<\/a> \u00a9 Vdumanchuk<br>Klasy B (klasa B197):  <a href=\"https:\/\/depositphotos.com\/de\/\" target=\"_blank\" rel=\"noopener\">depositphotos.com<\/a> \u00a9 bizoon<br>Klasa BE i B96 (nag\u0142\u00f3wek):  <a href=\"https:\/\/depositphotos.com\/de\/\" target=\"_blank\" rel=\"noopener\">depositphotos.com<\/a> \u00a9 cookelma<br>Prawo jazdy (nag\u0142\u00f3wek):  <a href=\"https:\/\/depositphotos.com\/de\/\" target=\"_blank\" rel=\"noopener\">depositphotos.com<\/a> \u00a9 oneinchpunch<br>Szkolenie teoretyczne (nag\u0142\u00f3wek):  <a href=\"https:\/\/depositphotos.com\/de\/\" target=\"_blank\" rel=\"noopener\">depositphotos.com<\/a> \u00a9 creisinger<br>Szkolenie teoretyczne (intensywna nauka):  <a href=\"https:\/\/depositphotos.com\/de\/\" target=\"_blank\" rel=\"noopener\">depositphotos.com<\/a> \u00a9 Talaj<br>Nauka z aplikacj\u0105 (nag\u0142\u00f3wek):  <a href=\"https:\/\/depositphotos.com\/de\/\" target=\"_blank\" rel=\"noopener\">depositphotos.com<\/a> \u00a9 AntonioGuillemF<br>Jazda w towarzystwie (nag\u0142\u00f3wek):  <a href=\"https:\/\/depositphotos.com\/de\/\" target=\"_blank\" rel=\"noopener\">depositphotos.com<\/a> \u00a9 EdZbarzhyvetsky<br>Jazda z osob\u0105 towarzysz\u0105c\u0105 (wymagania dotycz\u0105ce osoby towarzysz\u0105cej):  <a href=\"https:\/\/depositphotos.com\/de\/\" target=\"_blank\" rel=\"noopener\">depositphotos.com<\/a> \u00a9 ridofranz<br>Informacje dla rodzic\u00f3w (nag\u0142\u00f3wek):  <a href=\"https:\/\/depositphotos.com\/de\/\" target=\"_blank\" rel=\"noopener\">depositphotos.com<\/a> \u00a9 PantherMediaSeller<br>Informacje dla rodzic\u00f3w (B197):  <a href=\"https:\/\/depositphotos.com\/de\/\" target=\"_blank\" rel=\"noopener\">depositphotos.com<\/a> \u00a9 izik_md<br>Rewriter (nag\u0142\u00f3wek):  <a href=\"https:\/\/depositphotos.com\/de\/\" target=\"_blank\" rel=\"noopener\">depositphotos.com<\/a> \u00a9 tommaso1979<br>Rewriter (w \u015brodku):  <a href=\"https:\/\/depositphotos.com\/de\/\" target=\"_blank\" rel=\"noopener\">depositphotos.com<\/a> \u00a9 Milkos<br>Nasze ceny (nag\u0142\u00f3wek):  <a href=\"https:\/\/depositphotos.com\/de\/\" target=\"_blank\" rel=\"noopener\">depositphotos.com<\/a> \u00a9 Photosg<br>Kalendarz spotka\u0144 (nag\u0142\u00f3wek):  <a href=\"https:\/\/depositphotos.com\/de\/\" target=\"_blank\" rel=\"noopener\">depositphotos.com<\/a> \u00a9 BrianAJackson<br>Daty \/ materia\u0142 podstawowy Lekcja 01:  <a href=\"https:\/\/depositphotos.com\/de\/\" target=\"_blank\" rel=\"noopener\">depositphotos.com<\/a> \u00a9 Estradaanton<br>Daty \/ materia\u0142 podstawowy Lekcja 02:  <a href=\"https:\/\/depositphotos.com\/de\/\" target=\"_blank\" rel=\"noopener\">depositphotos.com<\/a> \u00a9 stadtratte<br>Daty \/ materia\u0142 podstawowy Lekcja 03:  <a href=\"https:\/\/depositphotos.com\/de\/\" target=\"_blank\" rel=\"noopener\">depositphotos.com<\/a> \u00a9 creisinger<br>Daty \/ materia\u0142 podstawowy Lekcja 04:  <a href=\"https:\/\/depositphotos.com\/de\/\" target=\"_blank\" rel=\"noopener\">depositphotos.com<\/a> \u00a9 ginton<br>Daty \/ materia\u0142 podstawowy Lekcja 05:  <a href=\"https:\/\/depositphotos.com\/de\/\" target=\"_blank\" rel=\"noopener\">depositphotos.com<\/a> \u00a9 BubbleundCoon<br>Daty \/ materia\u0142 podstawowy Lekcja 06:  <a href=\"https:\/\/depositphotos.com\/de\/\" target=\"_blank\" rel=\"noopener\">depositphotos.com<\/a> \u00a9 stivog<br>Daty \/ podstawowe materia\u0142y lekcja 07:  <a href=\"https:\/\/depositphotos.com\/de\/\" target=\"_blank\" rel=\"noopener\">depositphotos.com<\/a> \u00a9 PantherMediaSeller<br>Daty \/ materia\u0142 podstawowy Lekcja 08:  <a href=\"https:\/\/depositphotos.com\/de\/\" target=\"_blank\" rel=\"noopener\">depositphotos.com<\/a> \u00a9 chrissi<br>Daty \/ materia\u0142 podstawowy Lekcja 09:  <a href=\"https:\/\/depositphotos.com\/de\/\" target=\"_blank\" rel=\"noopener\">depositphotos.com<\/a> \u00a9 PinkBadger<br>Daty \/ materia\u0142 podstawowy Lekcja 10:  <a href=\"https:\/\/depositphotos.com\/de\/\" target=\"_blank\" rel=\"noopener\">depositphotos.com<\/a> \u00a9 chrissi<br>Daty \/ materia\u0142 podstawowy Lekcja 11:  <a href=\"https:\/\/depositphotos.com\/de\/\" target=\"_blank\" rel=\"noopener\">depositphotos.com<\/a> \u00a9 AndreyPopov<br>Daty \/ materia\u0142 podstawowy Lekcja 12:  <a href=\"https:\/\/depositphotos.com\/de\/\" target=\"_blank\" rel=\"noopener\">depositphotos.com<\/a> \u00a9 AndreyPopov<br>Daty \/ Klasa B Lekcja 13:  <a href=\"https:\/\/depositphotos.com\/de\/\" target=\"_blank\" rel=\"noopener\">depositphotos.com<\/a> \u00a9 rudi1976<br>Daty \/ Klasa B Lekcja 14:  <a href=\"https:\/\/depositphotos.com\/de\/\" target=\"_blank\" rel=\"noopener\">depositphotos.com<\/a> \u00a9 philipimage<br>Dok\u0142adny kalkulator (nag\u0142\u00f3wek):  <a href=\"https:\/\/depositphotos.com\/de\/\" target=\"_blank\" rel=\"noopener\">depositphotos.com<\/a> \u00a9 Kzenon<br>Nasze promocje (nag\u0142\u00f3wek):  <a href=\"https:\/\/depositphotos.com\/de\/\" target=\"_blank\" rel=\"noopener\">depositphotos.com<\/a> \u00a9 stevanovicigor<br>Nasze oferty specjalne (ikony ofert specjalnych): \u00a9  <a href=\"https:\/\/www.canva.com\/\" target=\"_blank\" rel=\"noopener\">canva.com<\/a><br>Wieloj\u0119zyczne lekcje jazdy (nag\u0142\u00f3wek):  <a href=\"https:\/\/depositphotos.com\/de\/\" target=\"_blank\" rel=\"noopener\">depositphotos.com<\/a> \u00a9 Siphotography<br>Wieloj\u0119zyczne lekcje jazdy (flagi):  <a href=\"https:\/\/depositphotos.com\/de\/\" target=\"_blank\" rel=\"noopener\">depositphotos.com<\/a> \u00a9 mikosha<br>Zmiana szko\u0142y jazdy (nag\u0142\u00f3wek):  <a href=\"https:\/\/depositphotos.com\/de\/\" target=\"_blank\" rel=\"noopener\">depositphotos.com<\/a> \u00a9 Koldunov<br>Zmiana szko\u0142y jazdy (dlaczego na nas?):  <a href=\"https:\/\/depositphotos.com\/de\/\" target=\"_blank\" rel=\"noopener\">depositphotos.com<\/a> \u00a9 stevanovicigor<br>Kontakt (nag\u0142\u00f3wek):  <a href=\"https:\/\/depositphotos.com\/de\/\" target=\"_blank\" rel=\"noopener\">depositphotos.com<\/a> \u00a9 VitalikRadko<br>404 Strona:  <a href=\"https:\/\/depositphotos.com\/de\/\" target=\"_blank\" rel=\"noopener\">depositphotos.com<\/a> \u00a9 photographee.eu<br>Wyniki wyszukiwania (nag\u0142\u00f3wek):  <a href=\"https:\/\/depositphotos.com\/de\/\" target=\"_blank\" rel=\"noopener\">depositphotos.com<\/a> \u00a9 olly18<br>Nadruk:  <a href=\"https:\/\/depositphotos.com\/de\/\" target=\"_blank\" rel=\"noopener\">depositphotos.com<\/a> \u00a9 tomwang<br>Ochrona danych:  <a href=\"https:\/\/depositphotos.com\/de\/\" target=\"_blank\" rel=\"noopener\">depositphotos.com<\/a> \u00a9 Syda_Productions<\/p>\t\t\t\t\t\t\t\t<\/div>\n\t\t\t\t<\/div>\n\t\t\t\t<div class=\"elementor-element elementor-element-ce2fdab elementor-widget elementor-widget-heading\" data-id=\"ce2fdab\" data-element_type=\"widget\" data-e-type=\"widget\" data-widget_type=\"heading.default\">\n\t\t\t\t<div class=\"elementor-widget-container\">\n\t\t\t\t\t<h2 class=\"elementor-heading-title elementor-size-default\">Teksty<\/h2>\t\t\t\t<\/div>\n\t\t\t\t<\/div>\n\t\t\t\t<div class=\"elementor-element elementor-element-4e5810d elementor-widget elementor-widget-text-editor\" data-id=\"4e5810d\" data-element_type=\"widget\" data-e-type=\"widget\" data-widget_type=\"text-editor.default\">\n\t\t\t\t<div class=\"elementor-widget-container\">\n\t\t\t\t\t\t\t\t\t<p>Marketingowa szko\u0142a jazdy wed\u0142ug specyfikacji Fahrschule Batyra GmbH<\/p>\t\t\t\t\t\t\t\t<\/div>\n\t\t\t\t<\/div>\n\t\t\t\t<div class=\"elementor-element elementor-element-f4a8348 elementor-widget elementor-widget-heading\" data-id=\"f4a8348\" data-element_type=\"widget\" data-e-type=\"widget\" data-widget_type=\"heading.default\">\n\t\t\t\t<div class=\"elementor-widget-container\">\n\t\t\t\t\t<h2 class=\"elementor-heading-title elementor-size-default\">Prawa autorskie<\/h2>\t\t\t\t<\/div>\n\t\t\t\t<\/div>\n\t\t\t\t<div class=\"elementor-element elementor-element-b018eaf elementor-widget elementor-widget-text-editor\" data-id=\"b018eaf\" data-element_type=\"widget\" data-e-type=\"widget\" data-widget_type=\"text-editor.default\">\n\t\t\t\t<div class=\"elementor-widget-container\">\n\t\t\t\t\t\t\t\t\t<p>Prawa autorskie do obraz\u00f3w i tekst\u00f3w stworzonych przez Fahrschule Batyra GmbH pozostaj\u0105 wy\u0142\u0105cznie w naszej gestii. Powielanie lub wykorzystywanie takich zdj\u0119\u0107 i tekst\u00f3w w innych publikacjach elektronicznych lub drukowanych jest niedozwolone bez naszej wyra\u017anej zgody. Prawa autorskie do pozosta\u0142ych wykorzystanych zdj\u0119\u0107 nale\u017c\u0105 do ich autor\u00f3w.  <\/p>\t\t\t\t\t\t\t\t<\/div>\n\t\t\t\t<\/div>\n\t\t\t\t\t<\/div>\n\t\t\t\t<\/div>\n\t\t\t\t\t<\/div>\n\t\t\t\t<\/div>\n\t\t\t\t<\/div>\n\t\t","protected":false},"excerpt":{"rendered":"<p>To, co musi zosta\u0107 zrobione, musi zosta\u0107 zrobione. Nadruk Dane kontaktowe zgodnie z \u00a7 5 DDG Szko\u0142a jazdy Batyra GmbHMartin BatyraPerlacher Str. 6781539 Munich-Giesing Telefon: 089 \/ 69 77 73 74E-mail: info@fahrschule-batyra.de Dyrektor zarz\u0105dzaj\u0105cy:Martin Batyra Numer identyfikacji podatkowej zgodnie z \u00a727 a ustawy o podatku od sprzeda\u017cy: DE363122062, w\u0142a\u015bciwy urz\u0105d skarbowy: Monachium Tytu\u0142 stanowiska:Instruktor jazdy [&hellip;]<\/p>\n","protected":false},"author":6,"featured_media":0,"parent":12364,"menu_order":1,"comment_status":"closed","ping_status":"closed","template":"elementor_header_footer","meta":{"_acf_changed":false,"inline_featured_image":false,"footnotes":""},"categories":[],"tags":[],"wf_page_folders":[],"class_list":["post-12142","page","type-page","status-publish","hentry"],"acf":[],"yoast_head":"<!-- This site is optimized with the Yoast SEO plugin v27.3 - https:\/\/yoast.com\/product\/yoast-seo-wordpress\/ -->\n<title>Nadruk | Fahrschule Batyra M\u00fcnchen Giesing<\/title>\n<meta name=\"description\" content=\"Nadruk ze wszystkimi obowi\u0105zkowymi informacjami Fahrschule Batyra GmbH, Perlacher Str. 67, 81539 M\u00fcnchen-Giesing\" \/>\n<meta name=\"robots\" content=\"index, follow, max-snippet:-1, max-image-preview:large, max-video-preview:-1\" \/>\n<link rel=\"canonical\" href=\"https:\/\/fahrschule-batyra.de\/pl\/skontaktuj-sie-z-nami\/nadruk\/\" \/>\n<meta property=\"og:locale\" content=\"pl_PL\" \/>\n<meta property=\"og:type\" content=\"article\" \/>\n<meta property=\"og:title\" content=\"Imprint | Szko\u0142a jazdy Batyra w Monachium-Giesing\" \/>\n<meta property=\"og:description\" content=\"Nadruk ze wszystkimi obowi\u0105zkowymi informacjami Fahrschule Batyra GmbH, Perlacher Str. 67, 81539 M\u00fcnchen-Giesing\" \/>\n<meta property=\"og:url\" content=\"https:\/\/fahrschule-batyra.de\/pl\/skontaktuj-sie-z-nami\/nadruk\/\" \/>\n<meta property=\"og:site_name\" content=\"Fahrschule Batyra M\u00fcnchen Giesing\" \/>\n<meta property=\"article:publisher\" content=\"https:\/\/www.facebook.com\/people\/Fahrschule-Batyra\/100037075755558\/\" \/>\n<meta property=\"article:modified_time\" content=\"2025-12-24T13:15:38+00:00\" \/>\n<meta property=\"og:image\" content=\"https:\/\/fahrschule-batyra.de\/wp-content\/uploads\/2023\/09\/Impressum_og-1024x536.jpg\" \/>\n<meta name=\"twitter:card\" content=\"summary_large_image\" \/>\n<meta name=\"twitter:label1\" content=\"Szacowany czas czytania\" \/>\n\t<meta name=\"twitter:data1\" content=\"2 minuty\" \/>\n<script type=\"application\/ld+json\" class=\"yoast-schema-graph\">{\"@context\":\"https:\\\/\\\/schema.org\",\"@graph\":[{\"@type\":\"WebPage\",\"@id\":\"https:\\\/\\\/fahrschule-batyra.de\\\/pl\\\/skontaktuj-sie-z-nami\\\/nadruk\\\/\",\"url\":\"https:\\\/\\\/fahrschule-batyra.de\\\/pl\\\/skontaktuj-sie-z-nami\\\/nadruk\\\/\",\"name\":\"Nadruk | Fahrschule Batyra M\u00fcnchen Giesing\",\"isPartOf\":{\"@id\":\"https:\\\/\\\/fahrschule-batyra.de\\\/pl\\\/#website\"},\"datePublished\":\"2023-09-05T07:24:48+00:00\",\"dateModified\":\"2025-12-24T13:15:38+00:00\",\"description\":\"Nadruk ze wszystkimi obowi\u0105zkowymi informacjami Fahrschule Batyra GmbH, Perlacher Str. 67, 81539 M\u00fcnchen-Giesing\",\"breadcrumb\":{\"@id\":\"https:\\\/\\\/fahrschule-batyra.de\\\/pl\\\/skontaktuj-sie-z-nami\\\/nadruk\\\/#breadcrumb\"},\"inLanguage\":\"pl-PL\",\"potentialAction\":[{\"@type\":\"ReadAction\",\"target\":[\"https:\\\/\\\/fahrschule-batyra.de\\\/pl\\\/skontaktuj-sie-z-nami\\\/nadruk\\\/\"]}]},{\"@type\":\"BreadcrumbList\",\"@id\":\"https:\\\/\\\/fahrschule-batyra.de\\\/pl\\\/skontaktuj-sie-z-nami\\\/nadruk\\\/#breadcrumb\",\"itemListElement\":[{\"@type\":\"ListItem\",\"position\":1,\"name\":\"Strona g\u0142\u00f3wna\",\"item\":\"https:\\\/\\\/fahrschule-batyra.de\\\/pl\\\/\"},{\"@type\":\"ListItem\",\"position\":2,\"name\":\"Skontaktuj si\u0119 z nami\",\"item\":\"https:\\\/\\\/fahrschule-batyra.de\\\/pl\\\/skontaktuj-sie-z-nami\\\/\"},{\"@type\":\"ListItem\",\"position\":3,\"name\":\"Nadruk\"}]},{\"@type\":\"WebSite\",\"@id\":\"https:\\\/\\\/fahrschule-batyra.de\\\/pl\\\/#website\",\"url\":\"https:\\\/\\\/fahrschule-batyra.de\\\/pl\\\/\",\"name\":\"Fahrschule Batyra M\u00fcnchen Giesing\",\"description\":\"Stressfrei, fair und schnell zum F\u00fchrerschein\",\"publisher\":{\"@id\":\"https:\\\/\\\/fahrschule-batyra.de\\\/pl\\\/#organization\"},\"potentialAction\":[{\"@type\":\"SearchAction\",\"target\":{\"@type\":\"EntryPoint\",\"urlTemplate\":\"https:\\\/\\\/fahrschule-batyra.de\\\/pl\\\/?s={search_term_string}\"},\"query-input\":{\"@type\":\"PropertyValueSpecification\",\"valueRequired\":true,\"valueName\":\"search_term_string\"}}],\"inLanguage\":\"pl-PL\"},{\"@type\":\"Organization\",\"@id\":\"https:\\\/\\\/fahrschule-batyra.de\\\/pl\\\/#organization\",\"name\":\"Fahrschule Batyra in M\u00fcnchen Giesing\",\"url\":\"https:\\\/\\\/fahrschule-batyra.de\\\/pl\\\/\",\"logo\":{\"@type\":\"ImageObject\",\"inLanguage\":\"pl-PL\",\"@id\":\"https:\\\/\\\/fahrschule-batyra.de\\\/pl\\\/#\\\/schema\\\/logo\\\/image\\\/\",\"url\":\"https:\\\/\\\/fahrschule-batyra.de\\\/wp-content\\\/uploads\\\/2023\\\/12\\\/cropped-Fahrschule-Batyra_original-logo.png\",\"contentUrl\":\"https:\\\/\\\/fahrschule-batyra.de\\\/wp-content\\\/uploads\\\/2023\\\/12\\\/cropped-Fahrschule-Batyra_original-logo.png\",\"width\":660,\"height\":187,\"caption\":\"Fahrschule Batyra in M\u00fcnchen Giesing\"},\"image\":{\"@id\":\"https:\\\/\\\/fahrschule-batyra.de\\\/pl\\\/#\\\/schema\\\/logo\\\/image\\\/\"},\"sameAs\":[\"https:\\\/\\\/www.facebook.com\\\/people\\\/Fahrschule-Batyra\\\/100037075755558\\\/\",\"https:\\\/\\\/www.instagram.com\\\/fahrschule.batyra\\\/\"]}]}<\/script>\n<!-- \/ Yoast SEO plugin. -->","yoast_head_json":{"title":"Nadruk | Fahrschule Batyra M\u00fcnchen Giesing","description":"Nadruk ze wszystkimi obowi\u0105zkowymi informacjami Fahrschule Batyra GmbH, Perlacher Str. 67, 81539 M\u00fcnchen-Giesing","robots":{"index":"index","follow":"follow","max-snippet":"max-snippet:-1","max-image-preview":"max-image-preview:large","max-video-preview":"max-video-preview:-1"},"canonical":"https:\/\/fahrschule-batyra.de\/pl\/skontaktuj-sie-z-nami\/nadruk\/","og_locale":"pl_PL","og_type":"article","og_title":"Imprint | Szko\u0142a jazdy Batyra w Monachium-Giesing","og_description":"Nadruk ze wszystkimi obowi\u0105zkowymi informacjami Fahrschule Batyra GmbH, Perlacher Str. 67, 81539 M\u00fcnchen-Giesing","og_url":"https:\/\/fahrschule-batyra.de\/pl\/skontaktuj-sie-z-nami\/nadruk\/","og_site_name":"Fahrschule Batyra M\u00fcnchen Giesing","article_publisher":"https:\/\/www.facebook.com\/people\/Fahrschule-Batyra\/100037075755558\/","article_modified_time":"2025-12-24T13:15:38+00:00","og_image":[{"url":"https:\/\/fahrschule-batyra.de\/wp-content\/uploads\/2023\/09\/Impressum_og-1024x536.jpg","type":"","width":"","height":""}],"twitter_card":"summary_large_image","twitter_misc":{"Szacowany czas czytania":"2 minuty"},"schema":{"@context":"https:\/\/schema.org","@graph":[{"@type":"WebPage","@id":"https:\/\/fahrschule-batyra.de\/pl\/skontaktuj-sie-z-nami\/nadruk\/","url":"https:\/\/fahrschule-batyra.de\/pl\/skontaktuj-sie-z-nami\/nadruk\/","name":"Nadruk | Fahrschule Batyra M\u00fcnchen Giesing","isPartOf":{"@id":"https:\/\/fahrschule-batyra.de\/pl\/#website"},"datePublished":"2023-09-05T07:24:48+00:00","dateModified":"2025-12-24T13:15:38+00:00","description":"Nadruk ze wszystkimi obowi\u0105zkowymi informacjami Fahrschule Batyra GmbH, Perlacher Str. 67, 81539 M\u00fcnchen-Giesing","breadcrumb":{"@id":"https:\/\/fahrschule-batyra.de\/pl\/skontaktuj-sie-z-nami\/nadruk\/#breadcrumb"},"inLanguage":"pl-PL","potentialAction":[{"@type":"ReadAction","target":["https:\/\/fahrschule-batyra.de\/pl\/skontaktuj-sie-z-nami\/nadruk\/"]}]},{"@type":"BreadcrumbList","@id":"https:\/\/fahrschule-batyra.de\/pl\/skontaktuj-sie-z-nami\/nadruk\/#breadcrumb","itemListElement":[{"@type":"ListItem","position":1,"name":"Strona g\u0142\u00f3wna","item":"https:\/\/fahrschule-batyra.de\/pl\/"},{"@type":"ListItem","position":2,"name":"Skontaktuj si\u0119 z nami","item":"https:\/\/fahrschule-batyra.de\/pl\/skontaktuj-sie-z-nami\/"},{"@type":"ListItem","position":3,"name":"Nadruk"}]},{"@type":"WebSite","@id":"https:\/\/fahrschule-batyra.de\/pl\/#website","url":"https:\/\/fahrschule-batyra.de\/pl\/","name":"Fahrschule Batyra M\u00fcnchen Giesing","description":"Stressfrei, fair und schnell zum F\u00fchrerschein","publisher":{"@id":"https:\/\/fahrschule-batyra.de\/pl\/#organization"},"potentialAction":[{"@type":"SearchAction","target":{"@type":"EntryPoint","urlTemplate":"https:\/\/fahrschule-batyra.de\/pl\/?s={search_term_string}"},"query-input":{"@type":"PropertyValueSpecification","valueRequired":true,"valueName":"search_term_string"}}],"inLanguage":"pl-PL"},{"@type":"Organization","@id":"https:\/\/fahrschule-batyra.de\/pl\/#organization","name":"Fahrschule Batyra in M\u00fcnchen Giesing","url":"https:\/\/fahrschule-batyra.de\/pl\/","logo":{"@type":"ImageObject","inLanguage":"pl-PL","@id":"https:\/\/fahrschule-batyra.de\/pl\/#\/schema\/logo\/image\/","url":"https:\/\/fahrschule-batyra.de\/wp-content\/uploads\/2023\/12\/cropped-Fahrschule-Batyra_original-logo.png","contentUrl":"https:\/\/fahrschule-batyra.de\/wp-content\/uploads\/2023\/12\/cropped-Fahrschule-Batyra_original-logo.png","width":660,"height":187,"caption":"Fahrschule Batyra in M\u00fcnchen Giesing"},"image":{"@id":"https:\/\/fahrschule-batyra.de\/pl\/#\/schema\/logo\/image\/"},"sameAs":["https:\/\/www.facebook.com\/people\/Fahrschule-Batyra\/100037075755558\/","https:\/\/www.instagram.com\/fahrschule.batyra\/"]}]}},"_links":{"self":[{"href":"https:\/\/fahrschule-batyra.de\/pl\/wp-json\/wp\/v2\/pages\/12142","targetHints":{"allow":["GET"]}}],"collection":[{"href":"https:\/\/fahrschule-batyra.de\/pl\/wp-json\/wp\/v2\/pages"}],"about":[{"href":"https:\/\/fahrschule-batyra.de\/pl\/wp-json\/wp\/v2\/types\/page"}],"author":[{"embeddable":true,"href":"https:\/\/fahrschule-batyra.de\/pl\/wp-json\/wp\/v2\/users\/6"}],"replies":[{"embeddable":true,"href":"https:\/\/fahrschule-batyra.de\/pl\/wp-json\/wp\/v2\/comments?post=12142"}],"version-history":[{"count":4,"href":"https:\/\/fahrschule-batyra.de\/pl\/wp-json\/wp\/v2\/pages\/12142\/revisions"}],"predecessor-version":[{"id":18005,"href":"https:\/\/fahrschule-batyra.de\/pl\/wp-json\/wp\/v2\/pages\/12142\/revisions\/18005"}],"up":[{"embeddable":true,"href":"https:\/\/fahrschule-batyra.de\/pl\/wp-json\/wp\/v2\/pages\/12364"}],"wp:attachment":[{"href":"https:\/\/fahrschule-batyra.de\/pl\/wp-json\/wp\/v2\/media?parent=12142"}],"wp:term":[{"taxonomy":"category","embeddable":true,"href":"https:\/\/fahrschule-batyra.de\/pl\/wp-json\/wp\/v2\/categories?post=12142"},{"taxonomy":"post_tag","embeddable":true,"href":"https:\/\/fahrschule-batyra.de\/pl\/wp-json\/wp\/v2\/tags?post=12142"},{"taxonomy":"wf_page_folders","embeddable":true,"href":"https:\/\/fahrschule-batyra.de\/pl\/wp-json\/wp\/v2\/wf_page_folders?post=12142"}],"curies":[{"name":"wp","href":"https:\/\/api.w.org\/{rel}","templated":true}]}}